{"id":7,"date":"2020-09-10T19:40:42","date_gmt":"2020-09-10T19:40:42","guid":{"rendered":"http:\/\/www.damiano.cal24.pl\/?page_id=7"},"modified":"2025-08-18T11:55:08","modified_gmt":"2025-08-18T11:55:08","slug":"o-nas","status":"publish","type":"page","link":"http:\/\/www.karate-pleszew.pl\/index.php\/o-nas\/","title":{"rendered":"O nas"},"content":{"rendered":"\n<p>Klub istnieje od 1997. W klubie trenuje ok. 70 os\u00f3b w czterech grupach:<\/p>\n\n\n\n<ul class=\"wp-block-list\">\n<li>pocz\u0105tkuj\u0105cych,<\/li>\n\n\n\n<li>zaawansowanych,<\/li>\n\n\n\n<li>sportowej,<\/li>\n\n\n\n<li>samoobrona dla doros\u0142ych.<\/li>\n<\/ul>\n\n\n<div class=\"wp-block-image\">\n<figure class=\"aligncenter size-full is-resized\"><img loading=\"lazy\" decoding=\"async\" width=\"750\" height=\"531\" src=\"http:\/\/www.karate-pleszew.pl\/wp-content\/uploads\/2023\/05\/imggcsi0c791222e90fa005D0F5e384eb11df6097ea0114mpid7maxwidth1366maxheight625.jpg\" alt=\"\" class=\"wp-image-75\" style=\"width:568px;height:402px\" srcset=\"http:\/\/www.karate-pleszew.pl\/wp-content\/uploads\/2023\/05\/imggcsi0c791222e90fa005D0F5e384eb11df6097ea0114mpid7maxwidth1366maxheight625.jpg 750w, http:\/\/www.karate-pleszew.pl\/wp-content\/uploads\/2023\/05\/imggcsi0c791222e90fa005D0F5e384eb11df6097ea0114mpid7maxwidth1366maxheight625-300x212.jpg 300w, http:\/\/www.karate-pleszew.pl\/wp-content\/uploads\/2023\/05\/imggcsi0c791222e90fa005D0F5e384eb11df6097ea0114mpid7maxwidth1366maxheight625-85x60.jpg 85w\" sizes=\"auto, (max-width: 750px) 100vw, 750px\" \/><\/figure>\n<\/div>\n\n\n<p>Pleszewski Klub Karate posiada licencj\u0119 Polskiej Unii Karate na prowadzenie zaj\u0119\u0107 karate oraz na branie udzia\u0142u we wsp\u00f3\u0142zawodnictwie sportowym na podstawie ustawy z dnia 29.07.2005 roku o sporcie kwalifikowanym (Dz.U.RP nr 05.155.1298 art..12.1 ust.8) oraz statusu Polskiej Unii Karate.<\/p>\n\n\n\n<p>Klub jest obj\u0119ty nadzorem merytorycznym w zakresie prowadzenia szkolenia karate.<\/p>\n\n\n\n<p>Trenerami klubu s\u0105:<\/p>\n\n\n\n<ul class=\"wp-block-list\">\n<li>Bart\u0142omiej So\u0142tysiak &#8211; 3 dan<\/li>\n\n\n\n<li>Damian So\u0142tysiak &#8211; 3 dan<\/li>\n\n\n\n<li>Micha\u0142 Florczak &#8211; 1 kyu<\/li>\n\n\n\n<li>Magdalena Godlewska &#8211; 1 kyu<\/li>\n<\/ul>\n","protected":false},"excerpt":{"rendered":"<p>Klub istnieje od 1997. W klubie trenuje ok. 70 os\u00f3b w czterech grupach: Pleszewski Klub Karate posiada licencj\u0119 Polskiej Unii &hellip; <\/p>\n","protected":false},"author":1,"featured_media":0,"parent":0,"menu_order":0,"comment_status":"closed","ping_status":"closed","template":"","meta":{"footnotes":""},"class_list":["post-7","page","type-page","status-publish","hentry"],"_links":{"self":[{"href":"http:\/\/www.karate-pleszew.pl\/index.php\/wp-json\/wp\/v2\/pages\/7","targetHints":{"allow":["GET"]}}],"collection":[{"href":"http:\/\/www.karate-pleszew.pl\/index.php\/wp-json\/wp\/v2\/pages"}],"about":[{"href":"http:\/\/www.karate-pleszew.pl\/index.php\/wp-json\/wp\/v2\/types\/page"}],"author":[{"embeddable":true,"href":"http:\/\/www.karate-pleszew.pl\/index.php\/wp-json\/wp\/v2\/users\/1"}],"replies":[{"embeddable":true,"href":"http:\/\/www.karate-pleszew.pl\/index.php\/wp-json\/wp\/v2\/comments?post=7"}],"version-history":[{"count":12,"href":"http:\/\/www.karate-pleszew.pl\/index.php\/wp-json\/wp\/v2\/pages\/7\/revisions"}],"predecessor-version":[{"id":461,"href":"http:\/\/www.karate-pleszew.pl\/index.php\/wp-json\/wp\/v2\/pages\/7\/revisions\/461"}],"wp:attachment":[{"href":"http:\/\/www.karate-pleszew.pl\/index.php\/wp-json\/wp\/v2\/media?parent=7"}],"curies":[{"name":"wp","href":"https:\/\/api.w.org\/{rel}","templated":true}]}}